{"id":13759,"date":"2025-12-22T15:24:16","date_gmt":"2025-12-22T14:24:16","guid":{"rendered":"https:\/\/www.cerameurop.com\/privacy-policy\/"},"modified":"2026-02-27T12:06:26","modified_gmt":"2026-02-27T11:06:26","slug":"privacy-policy","status":"publish","type":"page","link":"https:\/\/www.cerameurop.com\/en\/privacy-policy\/","title":{"rendered":"Privacy policy"},"content":{"rendered":"\t\t<div data-elementor-type=\"wp-page\" data-elementor-id=\"13759\" class=\"elementor elementor-13759 elementor-36\" data-elementor-post-type=\"page\">\n\t\t\t\t<div class=\"elementor-element elementor-element-8a6b882 e-flex e-con-boxed e-con e-parent\" data-id=\"8a6b882\" data-element_type=\"container\" data-e-type=\"container\" data-settings=\"{&quot;background_background&quot;:&quot;gradient&quot;}\">\n\t\t\t\t\t<div class=\"e-con-inner\">\n\t\t<div class=\"elementor-element elementor-element-2ce70f9 e-con-full e-flex e-con e-child\" data-id=\"2ce70f9\" data-element_type=\"container\" data-e-type=\"container\">\n\t\t<div class=\"elementor-element elementor-element-da19bcc e-con-full e-flex e-con e-child\" data-id=\"da19bcc\" data-element_type=\"container\" data-e-type=\"container\">\n\t\t\t\t<div class=\"elementor-element elementor-element-60506f5 elementor-widget elementor-widget-text-editor\" data-id=\"60506f5\" data-element_type=\"widget\" data-e-type=\"widget\" data-widget_type=\"text-editor.default\">\n\t\t\t\t\t\t\t\t\t<div class=\"et_pb_row et_pb_row_1\"><div class=\"et_pb_column et_pb_column_4_4 et_pb_column_1 et_pb_css_mix_blend_mode_passthrough et-last-child\"><div class=\"et_pb_module et_pb_text et_pb_text_1 et_pb_text_align_left et_pb_bg_layout_light\"><div class=\"et_pb_text_inner\"><p>Your privacy and the protection of your personal data are important to us.<br>On this site, you may be asked to fill out a registration form to subscribe to certain services or to receive additional information.<\/p><p>Your personal data may be collected in the following cases:<\/p><ul><li>requests for information or complaints,<\/li><li>subscriptions to marketing services, support services or newsletters,<\/li><li>participations in competitions or surveys,<\/li><li>applications for employment,<\/li><li>event registrations,<\/li><li>visits or navigation on the site www.cerameurop.com<\/li><\/ul><p>You are likely to provide us with the following types of personal data:<\/p><ul><li>your personal contact details (names, address, telephone number and email address),<\/li><li>your professional contact details (company name, names, address, professional phone number and professional email address),<\/li><li>geolocation data, including your IP address or physical location when you request services based on geolocation&#8230;<\/li><\/ul><p>Each field in the corresponding form indicates whether the requested information is mandatory or optional. If the user does not fill in the fields that are designated as &#8220;mandatory&#8221;, this will result in a refusal to subscribe to a service or newsletter, or a request for information.<\/p><h2>How do we use your data?<\/h2><p>The information you provide us is also used:<\/p><ul><li>to improve our websites and adapt them to your use;<\/li><li>to identify visitors to our sites;<\/li><li>to know the profile of our users.<\/li><\/ul><p>We use your data to keep you informed of offers concerning our services and to respond to your requests for information regarding them.<\/p><h2>Access to the data and your right to correct it and\/or refuse its processing<\/h2><p>If you wish to obtain access to the personal information we have collected about you through this Site, to correct errors in that information or to tailor your interests, preferences or other aspects of your user profile, click on the <a href=\"https:\/\/www.cerameurop.com\/contact\/\">Contact link<\/a> or contact the European Centre for Ceramics Avenue d&#8217;Ester 87069 Limoges.<\/p><\/div><\/div><\/div><\/div>\t\t\t\t\t\t\t\t<\/div>\n\t\t\t\t<\/div>\n\t\t\t\t<\/div>\n\t\t\t\t\t<\/div>\n\t\t\t\t<\/div>\n\t\t\t\t<\/div>\n\t\t","protected":false},"excerpt":{"rendered":"<p>Your privacy and the protection of your personal data are important to us.On this site, you may be asked to fill out a registration form to subscribe to certain services or to receive additional information. Your personal data may be collected in the following cases: requests for information or complaints, subscriptions to marketing services, support [&hellip;]<\/p>\n","protected":false},"author":1,"featured_media":0,"parent":0,"menu_order":0,"comment_status":"closed","ping_status":"closed","template":"","meta":{"_acf_changed":false,"footnotes":""},"class_list":["post-13759","page","type-page","status-publish","hentry"],"acf":[],"yoast_head":"<!-- This site is optimized with the Yoast SEO plugin v27.2 - https:\/\/yoast.com\/product\/yoast-seo-wordpress\/ -->\n<title>Privacy policy | P\u00f4le europ\u00e9en de la c\u00e9ramique<\/title>\n<meta name=\"robots\" content=\"index, follow, max-snippet:-1, max-image-preview:large, max-video-preview:-1\" \/>\n<link rel=\"canonical\" href=\"https:\/\/www.cerameurop.com\/en\/privacy-policy\/\" \/>\n<meta property=\"og:locale\" content=\"en_US\" \/>\n<meta property=\"og:type\" content=\"article\" \/>\n<meta property=\"og:title\" content=\"Privacy policy | P\u00f4le europ\u00e9en de la c\u00e9ramique\" \/>\n<meta property=\"og:description\" content=\"Your privacy and the protection of your personal data are important to us.On this site, you may be asked to fill out a registration form to subscribe to certain services or to receive additional information. Your personal data may be collected in the following cases: requests for information or complaints, subscriptions to marketing services, support [&hellip;]\" \/>\n<meta property=\"og:url\" content=\"https:\/\/www.cerameurop.com\/en\/privacy-policy\/\" \/>\n<meta property=\"og:site_name\" content=\"P\u00f4le europ\u00e9en de la c\u00e9ramique\" \/>\n<meta property=\"article:publisher\" content=\"https:\/\/www.facebook.com\/profile.php?id=100054339318607\" \/>\n<meta property=\"article:modified_time\" content=\"2026-02-27T11:06:26+00:00\" \/>\n<meta property=\"og:image\" content=\"https:\/\/www.cerameurop.com\/wp-content\/uploads\/2025\/12\/LOGO_POLE_EUROPEEN_DE_LA_CERAMIQUE-1024x450-1.webp\" \/>\n\t<meta property=\"og:image:width\" content=\"1024\" \/>\n\t<meta property=\"og:image:height\" content=\"450\" \/>\n\t<meta property=\"og:image:type\" content=\"image\/webp\" \/>\n<meta name=\"twitter:card\" content=\"summary_large_image\" \/>\n<meta name=\"twitter:label1\" content=\"Est. reading time\" \/>\n\t<meta name=\"twitter:data1\" content=\"2 minutes\" \/>\n<script type=\"application\/ld+json\" class=\"yoast-schema-graph\">{\"@context\":\"https:\/\/schema.org\",\"@graph\":[{\"@type\":\"WebPage\",\"@id\":\"https:\/\/www.cerameurop.com\/en\/privacy-policy\/\",\"url\":\"https:\/\/www.cerameurop.com\/en\/privacy-policy\/\",\"name\":\"Privacy policy | P\u00f4le europ\u00e9en de la c\u00e9ramique\",\"isPartOf\":{\"@id\":\"https:\/\/www.cerameurop.com\/en\/#website\"},\"datePublished\":\"2025-12-22T14:24:16+00:00\",\"dateModified\":\"2026-02-27T11:06:26+00:00\",\"breadcrumb\":{\"@id\":\"https:\/\/www.cerameurop.com\/en\/privacy-policy\/#breadcrumb\"},\"inLanguage\":\"en-US\",\"potentialAction\":[{\"@type\":\"ReadAction\",\"target\":[\"https:\/\/www.cerameurop.com\/en\/privacy-policy\/\"]}]},{\"@type\":\"BreadcrumbList\",\"@id\":\"https:\/\/www.cerameurop.com\/en\/privacy-policy\/#breadcrumb\",\"itemListElement\":[{\"@type\":\"ListItem\",\"position\":1,\"name\":\"Accueil\",\"item\":\"https:\/\/www.cerameurop.com\/en\/\"},{\"@type\":\"ListItem\",\"position\":2,\"name\":\"Privacy policy\"}]},{\"@type\":\"WebSite\",\"@id\":\"https:\/\/www.cerameurop.com\/en\/#website\",\"url\":\"https:\/\/www.cerameurop.com\/en\/\",\"name\":\"P\u00f4le europ\u00e9en de la c\u00e9ramique\",\"description\":\"\",\"publisher\":{\"@id\":\"https:\/\/www.cerameurop.com\/en\/#organization\"},\"potentialAction\":[{\"@type\":\"SearchAction\",\"target\":{\"@type\":\"EntryPoint\",\"urlTemplate\":\"https:\/\/www.cerameurop.com\/en\/?s={search_term_string}\"},\"query-input\":{\"@type\":\"PropertyValueSpecification\",\"valueRequired\":true,\"valueName\":\"search_term_string\"}}],\"inLanguage\":\"en-US\"},{\"@type\":\"Organization\",\"@id\":\"https:\/\/www.cerameurop.com\/en\/#organization\",\"name\":\"P\u00f4le europ\u00e9en de la c\u00e9ramique\",\"url\":\"https:\/\/www.cerameurop.com\/en\/\",\"logo\":{\"@type\":\"ImageObject\",\"inLanguage\":\"en-US\",\"@id\":\"https:\/\/www.cerameurop.com\/en\/#\/schema\/logo\/image\/\",\"url\":\"https:\/\/www.cerameurop.com\/wp-content\/uploads\/2025\/12\/LOGO_POLE_EUROPEEN_DE_LA_CERAMIQUE-1024x450-1.webp\",\"contentUrl\":\"https:\/\/www.cerameurop.com\/wp-content\/uploads\/2025\/12\/LOGO_POLE_EUROPEEN_DE_LA_CERAMIQUE-1024x450-1.webp\",\"width\":1024,\"height\":450,\"caption\":\"P\u00f4le europ\u00e9en de la c\u00e9ramique\"},\"image\":{\"@id\":\"https:\/\/www.cerameurop.com\/en\/#\/schema\/logo\/image\/\"},\"sameAs\":[\"https:\/\/www.facebook.com\/profile.php?id=100054339318607\",\"https:\/\/www.linkedin.com\/company\/p\u00f4le-europ\u00e9en-de-la-c\u00e9ramique\/\"]}]}<\/script>\n<!-- \/ Yoast SEO plugin. -->","yoast_head_json":{"title":"Privacy policy | P\u00f4le europ\u00e9en de la c\u00e9ramique","robots":{"index":"index","follow":"follow","max-snippet":"max-snippet:-1","max-image-preview":"max-image-preview:large","max-video-preview":"max-video-preview:-1"},"canonical":"https:\/\/www.cerameurop.com\/en\/privacy-policy\/","og_locale":"en_US","og_type":"article","og_title":"Privacy policy | P\u00f4le europ\u00e9en de la c\u00e9ramique","og_description":"Your privacy and the protection of your personal data are important to us.On this site, you may be asked to fill out a registration form to subscribe to certain services or to receive additional information. Your personal data may be collected in the following cases: requests for information or complaints, subscriptions to marketing services, support [&hellip;]","og_url":"https:\/\/www.cerameurop.com\/en\/privacy-policy\/","og_site_name":"P\u00f4le europ\u00e9en de la c\u00e9ramique","article_publisher":"https:\/\/www.facebook.com\/profile.php?id=100054339318607","article_modified_time":"2026-02-27T11:06:26+00:00","og_image":[{"width":1024,"height":450,"url":"https:\/\/www.cerameurop.com\/wp-content\/uploads\/2025\/12\/LOGO_POLE_EUROPEEN_DE_LA_CERAMIQUE-1024x450-1.webp","type":"image\/webp"}],"twitter_card":"summary_large_image","twitter_misc":{"Est. reading time":"2 minutes"},"schema":{"@context":"https:\/\/schema.org","@graph":[{"@type":"WebPage","@id":"https:\/\/www.cerameurop.com\/en\/privacy-policy\/","url":"https:\/\/www.cerameurop.com\/en\/privacy-policy\/","name":"Privacy policy | P\u00f4le europ\u00e9en de la c\u00e9ramique","isPartOf":{"@id":"https:\/\/www.cerameurop.com\/en\/#website"},"datePublished":"2025-12-22T14:24:16+00:00","dateModified":"2026-02-27T11:06:26+00:00","breadcrumb":{"@id":"https:\/\/www.cerameurop.com\/en\/privacy-policy\/#breadcrumb"},"inLanguage":"en-US","potentialAction":[{"@type":"ReadAction","target":["https:\/\/www.cerameurop.com\/en\/privacy-policy\/"]}]},{"@type":"BreadcrumbList","@id":"https:\/\/www.cerameurop.com\/en\/privacy-policy\/#breadcrumb","itemListElement":[{"@type":"ListItem","position":1,"name":"Accueil","item":"https:\/\/www.cerameurop.com\/en\/"},{"@type":"ListItem","position":2,"name":"Privacy policy"}]},{"@type":"WebSite","@id":"https:\/\/www.cerameurop.com\/en\/#website","url":"https:\/\/www.cerameurop.com\/en\/","name":"P\u00f4le europ\u00e9en de la c\u00e9ramique","description":"","publisher":{"@id":"https:\/\/www.cerameurop.com\/en\/#organization"},"potentialAction":[{"@type":"SearchAction","target":{"@type":"EntryPoint","urlTemplate":"https:\/\/www.cerameurop.com\/en\/?s={search_term_string}"},"query-input":{"@type":"PropertyValueSpecification","valueRequired":true,"valueName":"search_term_string"}}],"inLanguage":"en-US"},{"@type":"Organization","@id":"https:\/\/www.cerameurop.com\/en\/#organization","name":"P\u00f4le europ\u00e9en de la c\u00e9ramique","url":"https:\/\/www.cerameurop.com\/en\/","logo":{"@type":"ImageObject","inLanguage":"en-US","@id":"https:\/\/www.cerameurop.com\/en\/#\/schema\/logo\/image\/","url":"https:\/\/www.cerameurop.com\/wp-content\/uploads\/2025\/12\/LOGO_POLE_EUROPEEN_DE_LA_CERAMIQUE-1024x450-1.webp","contentUrl":"https:\/\/www.cerameurop.com\/wp-content\/uploads\/2025\/12\/LOGO_POLE_EUROPEEN_DE_LA_CERAMIQUE-1024x450-1.webp","width":1024,"height":450,"caption":"P\u00f4le europ\u00e9en de la c\u00e9ramique"},"image":{"@id":"https:\/\/www.cerameurop.com\/en\/#\/schema\/logo\/image\/"},"sameAs":["https:\/\/www.facebook.com\/profile.php?id=100054339318607","https:\/\/www.linkedin.com\/company\/p\u00f4le-europ\u00e9en-de-la-c\u00e9ramique\/"]}]}},"_links":{"self":[{"href":"https:\/\/www.cerameurop.com\/en\/wp-json\/wp\/v2\/pages\/13759","targetHints":{"allow":["GET"]}}],"collection":[{"href":"https:\/\/www.cerameurop.com\/en\/wp-json\/wp\/v2\/pages"}],"about":[{"href":"https:\/\/www.cerameurop.com\/en\/wp-json\/wp\/v2\/types\/page"}],"author":[{"embeddable":true,"href":"https:\/\/www.cerameurop.com\/en\/wp-json\/wp\/v2\/users\/1"}],"replies":[{"embeddable":true,"href":"https:\/\/www.cerameurop.com\/en\/wp-json\/wp\/v2\/comments?post=13759"}],"version-history":[{"count":1,"href":"https:\/\/www.cerameurop.com\/en\/wp-json\/wp\/v2\/pages\/13759\/revisions"}],"predecessor-version":[{"id":13760,"href":"https:\/\/www.cerameurop.com\/en\/wp-json\/wp\/v2\/pages\/13759\/revisions\/13760"}],"wp:attachment":[{"href":"https:\/\/www.cerameurop.com\/en\/wp-json\/wp\/v2\/media?parent=13759"}],"curies":[{"name":"wp","href":"https:\/\/api.w.org\/{rel}","templated":true}]}}