{"id":13692,"date":"2025-12-22T15:23:23","date_gmt":"2025-12-22T14:23:23","guid":{"rendered":"https:\/\/www.cerameurop.com\/members\/"},"modified":"2026-03-11T14:27:38","modified_gmt":"2026-03-11T13:27:38","slug":"members","status":"publish","type":"page","link":"https:\/\/www.cerameurop.com\/en\/members\/","title":{"rendered":"Members"},"content":{"rendered":"\t\t<div data-elementor-type=\"wp-page\" data-elementor-id=\"13692\" class=\"elementor elementor-13692 elementor-24\" data-elementor-post-type=\"page\">\n\t\t\t\t<div class=\"elementor-element elementor-element-ec9c5ba e-flex e-con-boxed e-con e-child\" data-id=\"ec9c5ba\" data-element_type=\"container\" data-e-type=\"container\">\n\t\t\t\t\t<div class=\"e-con-inner\">\n\t\t<div class=\"elementor-element elementor-element-3421019 e-con-full e-flex e-con e-child\" data-id=\"3421019\" data-element_type=\"container\" data-e-type=\"container\">\n\t\t\t\t<div class=\"elementor-element elementor-element-30cf104 elementor-align-left elementor-widget elementor-widget-breadcrumbs\" data-id=\"30cf104\" data-element_type=\"widget\" data-e-type=\"widget\" data-widget_type=\"breadcrumbs.default\">\n\t\t\t\t\t<p id=\"breadcrumbs\"><span><span><a href=\"https:\/\/www.cerameurop.com\/en\/\">Home<\/a><\/span><\/span><\/p>\t\t\t\t<\/div>\n\t\t\t\t<\/div>\n\t\t<div class=\"elementor-element elementor-element-cc4e9e5 e-con-full e-flex e-con e-child\" data-id=\"cc4e9e5\" data-element_type=\"container\" data-e-type=\"container\">\n\t\t\t\t<div class=\"elementor-element elementor-element-98988bb elementor-widget elementor-widget-text-editor\" data-id=\"98988bb\" data-element_type=\"widget\" data-e-type=\"widget\" data-widget_type=\"text-editor.default\">\n\t\t\t\t\t\t\t\t\t<p>Members<\/p>\t\t\t\t\t\t\t\t<\/div>\n\t\t\t\t<div class=\"elementor-element elementor-element-838dff3 elementor-widget elementor-widget-heading\" data-id=\"838dff3\" data-element_type=\"widget\" data-e-type=\"widget\" data-widget_type=\"heading.default\">\n\t\t\t\t\t<h1 class=\"elementor-heading-title elementor-size-default\">Discover our members<\/h1>\t\t\t\t<\/div>\n\t\t\t\t<div class=\"elementor-element elementor-element-124569b elementor-widget elementor-widget-text-editor\" data-id=\"124569b\" data-element_type=\"widget\" data-e-type=\"widget\" data-widget_type=\"text-editor.default\">\n\t\t\t\t\t\t\t\t\t<p>Find the cluster&#8217;s members on the interactive map: research laboratories, technical centers, training centers, and manufacturers.<\/p>\t\t\t\t\t\t\t\t<\/div>\n\t\t\t\t<\/div>\n\t\t\t\t\t<\/div>\n\t\t\t\t<\/div>\n\t\t<div class=\"elementor-element elementor-element-c2736ab e-con-full e-flex e-con e-parent\" data-id=\"c2736ab\" data-element_type=\"container\" data-e-type=\"container\" id=\"map-adherents\">\n\t\t\t\t<div class=\"elementor-element elementor-element-d630570 elementor-widget elementor-widget-shortcode\" data-id=\"d630570\" data-element_type=\"widget\" data-e-type=\"widget\" data-widget_type=\"shortcode.default\">\n\t\t\t\t\t\t\t<div class=\"elementor-shortcode\">        <div class=\"adherents-map-container\">\n            <div class=\"adherents-sidebar\">\n                <div class=\"adherents-search-form\">    \n                              \n                    <div class=\"form-group\">\n                        <label>By category<\/label>\n                        <select id=\"filter-category\" name=\"category\">\n                            <option value=\"\">All the categories<\/option>\n                                                                                                <option value=\"1389\">\n                                        Research and training                                    <\/option>\n                                                                    <option value=\"1392\">\n                                        Raw materials                                    <\/option>\n                                                                    <option value=\"1387\">\n                                        OEMs                                    <\/option>\n                                                                    <option value=\"1391\">\n                                        Processing and manufacturing                                    <\/option>\n                                                                    <option value=\"1393\">\n                                        Machining and finishing                                    <\/option>\n                                                                    <option value=\"1390\">\n                                        Supports: characterisation \/ engineering \/ consulting, etc.                                    <\/option>\n                                                                    <option value=\"1388\">\n                                        Associate members                                    <\/option>\n                                                                                    <\/select>\n                    <\/div>\n                    \n                    <div class=\"form-group\">\n                        <label>Company name<\/label>\n                        <div class=\"autocomplete-wrapper\">\n                            <input type=\"text\" id=\"filter-title\" name=\"title\" placeholder=\"Member's name\" autocomplete=\"off\">\n                            <input type=\"hidden\" id=\"filter-id\" name=\"adh_id\" value=\"\">\n                            <div id=\"autocomplete-results\" class=\"autocomplete-results\"><\/div>\n                        <\/div>\n                    <\/div>\n                    \n                    <div class=\"form-group\">\n                        <label>By keyword, name<\/label>\n                        <input type=\"text\" id=\"filter-keyword\" name=\"keyword\" placeholder=\"Search in all fields\">\n                    <\/div>\n                    \n                    <button type=\"button\" id=\"btn-search\" class=\"btn-search\">Search<\/button>\n                    <button type=\"button\" id=\"btn-reset\" class=\"btn-reset\">Reinit<\/button>\n                <\/div>\n\n                <div class=\"adherents-infos\">\n                    <div class=\"adherents-infos-count\">\n                        <strong>+200<\/strong>\n                        <span>Members: industrials, research & technological organisations...<\/span>\n                    <\/div>\n                    <div class=\"adherents-infos-count\">\n                        <strong>9<\/strong>\n                        <span>countries in Europe<\/span>\n                    <\/div>\n                    <div class=\"adherents-infos-count\" style=\"margin-top: 30px;\">\n                        <span>Would you like to join a dynamic network?<\/span>\n                        <a class=\"btn-secondary\" href=\"\/adherer\">BECOME A MEMBER<\/a>\n                    <\/div>\n                <\/div>  \n                \n                <div id=\"adherent-details\" class=\"adherent-details\" style=\"display:none;\">\n                    <button id=\"btn-back\" class=\"btn-back\">Back to search<\/button>\n                    <div id=\"adherent-content\"><\/div>\n                <\/div>\n            <\/div>\n            \n            <div class=\"adherents-map-wrapper\">\n                <div style=\"position: relative;\">\n                    <div id=\"adherents-map\" style=\"height: 600px;\"><\/div>\n                    <div id=\"map-loader\" class=\"map-loader\">\n                        <div class=\"map-loader-spinner\"><\/div>\n                        <div class=\"map-loader-text\">Loading members...<\/div>\n                    <\/div>\n                <\/div>\n            <\/div>\n        <\/div>\n        \n        <input type=\"hidden\" id=\"post-type\" value=\"adherent\">\n        <input type=\"hidden\" id=\"category-taxonomy\" value=\"categorie_adherent\">\n        <\/div>\n\t\t\t\t\t\t<\/div>\n\t\t\t\t<\/div>\n\t\t<div class=\"elementor-element elementor-element-864d3d4 e-flex e-con-boxed e-con e-parent\" data-id=\"864d3d4\" data-element_type=\"container\" data-e-type=\"container\">\n\t\t\t\t\t<div class=\"e-con-inner\">\n\t\t\t\t<div class=\"elementor-element elementor-element-c1dc3c2 elementor-widget elementor-widget-text-editor\" data-id=\"c1dc3c2\" data-element_type=\"widget\" data-e-type=\"widget\" data-widget_type=\"text-editor.default\">\n\t\t\t\t\t\t\t\t\t<p>YOU HAVE A TECHNICAL QUESTION,<br \/>YOU ARE LOOKING FOR A SUPPLIER,<br \/>YOU WOULD LIKE MORE INFORMATION ABOUT THE CLUSTER.<\/p><p>A TEAM MEMBER WILL HELP YOU CONNECT WITH THE RELEVANT CONTACTS<\/p>\t\t\t\t\t\t\t\t<\/div>\n\t\t\t\t<div class=\"elementor-element elementor-element-8e017e0 elementor-widget elementor-widget-button\" data-id=\"8e017e0\" data-element_type=\"widget\" data-e-type=\"widget\" data-widget_type=\"button.default\">\n\t\t\t\t\t\t\t\t\t\t<a class=\"elementor-button elementor-button-link elementor-size-sm\" href=\"\/en\/contact\">\n\t\t\t\t\t\t<span class=\"elementor-button-content-wrapper\">\n\t\t\t\t\t\t\t\t\t<span class=\"elementor-button-text\">Contact us<\/span>\n\t\t\t\t\t<\/span>\n\t\t\t\t\t<\/a>\n\t\t\t\t\t\t\t\t<\/div>\n\t\t\t\t\t<\/div>\n\t\t\t\t<\/div>\n\t\t\t\t<\/div>\n\t\t","protected":false},"excerpt":{"rendered":"<p>Members Discover our members Find the cluster&#8217;s members on the interactive map: research laboratories, technical centers, training centers, and manufacturers. YOU HAVE A TECHNICAL QUESTION,YOU ARE LOOKING FOR A SUPPLIER,YOU WOULD LIKE MORE INFORMATION ABOUT THE CLUSTER. A TEAM MEMBER WILL HELP YOU CONNECT WITH THE RELEVANT CONTACTS Contact us<\/p>\n","protected":false},"author":1,"featured_media":0,"parent":0,"menu_order":0,"comment_status":"closed","ping_status":"closed","template":"","meta":{"_acf_changed":false,"footnotes":""},"class_list":["post-13692","page","type-page","status-publish","hentry"],"acf":[],"yoast_head":"<!-- This site is optimized with the Yoast SEO plugin v27.5 - https:\/\/yoast.com\/product\/yoast-seo-wordpress\/ -->\n<title>Members | P\u00f4le europ\u00e9en de la c\u00e9ramique<\/title>\n<meta name=\"description\" content=\"Discover the 200 members of the European Ceramic Cluster on our interactive map: manufacturers, research laboratories, and training centers.\" \/>\n<meta name=\"robots\" content=\"index, follow, max-snippet:-1, max-image-preview:large, max-video-preview:-1\" \/>\n<link rel=\"canonical\" href=\"https:\/\/www.cerameurop.com\/en\/members\/\" \/>\n<meta property=\"og:locale\" content=\"en_US\" \/>\n<meta property=\"og:type\" content=\"article\" \/>\n<meta property=\"og:title\" content=\"Members | P\u00f4le europ\u00e9en de la c\u00e9ramique\" \/>\n<meta property=\"og:description\" content=\"Discover the 200 members of the European Ceramic Cluster on our interactive map: manufacturers, research laboratories, and training centers.\" \/>\n<meta property=\"og:url\" content=\"https:\/\/www.cerameurop.com\/en\/members\/\" \/>\n<meta property=\"og:site_name\" content=\"P\u00f4le europ\u00e9en de la c\u00e9ramique\" \/>\n<meta property=\"article:publisher\" content=\"https:\/\/www.facebook.com\/profile.php?id=100054339318607\" \/>\n<meta property=\"article:modified_time\" content=\"2026-03-11T13:27:38+00:00\" \/>\n<meta property=\"og:image\" content=\"https:\/\/www.cerameurop.com\/wp-content\/uploads\/2025\/12\/LOGO_POLE_EUROPEEN_DE_LA_CERAMIQUE-1024x450-1.webp\" \/>\n\t<meta property=\"og:image:width\" content=\"1024\" \/>\n\t<meta property=\"og:image:height\" content=\"450\" \/>\n\t<meta property=\"og:image:type\" content=\"image\/webp\" \/>\n<meta name=\"twitter:card\" content=\"summary_large_image\" \/>\n<meta name=\"twitter:label1\" content=\"Est. reading time\" \/>\n\t<meta name=\"twitter:data1\" content=\"1 minute\" \/>\n<script type=\"application\/ld+json\" class=\"yoast-schema-graph\">{\"@context\":\"https:\\\/\\\/schema.org\",\"@graph\":[{\"@type\":\"WebPage\",\"@id\":\"https:\\\/\\\/www.cerameurop.com\\\/en\\\/members\\\/\",\"url\":\"https:\\\/\\\/www.cerameurop.com\\\/en\\\/members\\\/\",\"name\":\"Members | P\u00f4le europ\u00e9en de la c\u00e9ramique\",\"isPartOf\":{\"@id\":\"https:\\\/\\\/www.cerameurop.com\\\/en\\\/#website\"},\"datePublished\":\"2025-12-22T14:23:23+00:00\",\"dateModified\":\"2026-03-11T13:27:38+00:00\",\"description\":\"Discover the 200 members of the European Ceramic Cluster on our interactive map: manufacturers, research laboratories, and training centers.\",\"breadcrumb\":{\"@id\":\"https:\\\/\\\/www.cerameurop.com\\\/en\\\/members\\\/#breadcrumb\"},\"inLanguage\":\"en-US\",\"potentialAction\":[{\"@type\":\"ReadAction\",\"target\":[\"https:\\\/\\\/www.cerameurop.com\\\/en\\\/members\\\/\"]}]},{\"@type\":\"BreadcrumbList\",\"@id\":\"https:\\\/\\\/www.cerameurop.com\\\/en\\\/members\\\/#breadcrumb\",\"itemListElement\":[{\"@type\":\"ListItem\",\"position\":1,\"name\":\"Accueil\",\"item\":\"https:\\\/\\\/www.cerameurop.com\\\/en\\\/\"},{\"@type\":\"ListItem\",\"position\":2,\"name\":\"Members\"}]},{\"@type\":\"WebSite\",\"@id\":\"https:\\\/\\\/www.cerameurop.com\\\/en\\\/#website\",\"url\":\"https:\\\/\\\/www.cerameurop.com\\\/en\\\/\",\"name\":\"P\u00f4le europ\u00e9en de la c\u00e9ramique\",\"description\":\"\",\"publisher\":{\"@id\":\"https:\\\/\\\/www.cerameurop.com\\\/en\\\/#organization\"},\"potentialAction\":[{\"@type\":\"SearchAction\",\"target\":{\"@type\":\"EntryPoint\",\"urlTemplate\":\"https:\\\/\\\/www.cerameurop.com\\\/en\\\/?s={search_term_string}\"},\"query-input\":{\"@type\":\"PropertyValueSpecification\",\"valueRequired\":true,\"valueName\":\"search_term_string\"}}],\"inLanguage\":\"en-US\"},{\"@type\":\"Organization\",\"@id\":\"https:\\\/\\\/www.cerameurop.com\\\/en\\\/#organization\",\"name\":\"P\u00f4le europ\u00e9en de la c\u00e9ramique\",\"url\":\"https:\\\/\\\/www.cerameurop.com\\\/en\\\/\",\"logo\":{\"@type\":\"ImageObject\",\"inLanguage\":\"en-US\",\"@id\":\"https:\\\/\\\/www.cerameurop.com\\\/en\\\/#\\\/schema\\\/logo\\\/image\\\/\",\"url\":\"https:\\\/\\\/www.cerameurop.com\\\/wp-content\\\/uploads\\\/2025\\\/12\\\/LOGO_POLE_EUROPEEN_DE_LA_CERAMIQUE-1024x450-1.webp\",\"contentUrl\":\"https:\\\/\\\/www.cerameurop.com\\\/wp-content\\\/uploads\\\/2025\\\/12\\\/LOGO_POLE_EUROPEEN_DE_LA_CERAMIQUE-1024x450-1.webp\",\"width\":1024,\"height\":450,\"caption\":\"P\u00f4le europ\u00e9en de la c\u00e9ramique\"},\"image\":{\"@id\":\"https:\\\/\\\/www.cerameurop.com\\\/en\\\/#\\\/schema\\\/logo\\\/image\\\/\"},\"sameAs\":[\"https:\\\/\\\/www.facebook.com\\\/profile.php?id=100054339318607\",\"https:\\\/\\\/www.linkedin.com\\\/company\\\/p\u00f4le-europ\u00e9en-de-la-c\u00e9ramique\\\/\"]}]}<\/script>\n<!-- \/ Yoast SEO plugin. -->","yoast_head_json":{"title":"Members | P\u00f4le europ\u00e9en de la c\u00e9ramique","description":"Discover the 200 members of the European Ceramic Cluster on our interactive map: manufacturers, research laboratories, and training centers.","robots":{"index":"index","follow":"follow","max-snippet":"max-snippet:-1","max-image-preview":"max-image-preview:large","max-video-preview":"max-video-preview:-1"},"canonical":"https:\/\/www.cerameurop.com\/en\/members\/","og_locale":"en_US","og_type":"article","og_title":"Members | P\u00f4le europ\u00e9en de la c\u00e9ramique","og_description":"Discover the 200 members of the European Ceramic Cluster on our interactive map: manufacturers, research laboratories, and training centers.","og_url":"https:\/\/www.cerameurop.com\/en\/members\/","og_site_name":"P\u00f4le europ\u00e9en de la c\u00e9ramique","article_publisher":"https:\/\/www.facebook.com\/profile.php?id=100054339318607","article_modified_time":"2026-03-11T13:27:38+00:00","og_image":[{"width":1024,"height":450,"url":"https:\/\/www.cerameurop.com\/wp-content\/uploads\/2025\/12\/LOGO_POLE_EUROPEEN_DE_LA_CERAMIQUE-1024x450-1.webp","type":"image\/webp"}],"twitter_card":"summary_large_image","twitter_misc":{"Est. reading time":"1 minute"},"schema":{"@context":"https:\/\/schema.org","@graph":[{"@type":"WebPage","@id":"https:\/\/www.cerameurop.com\/en\/members\/","url":"https:\/\/www.cerameurop.com\/en\/members\/","name":"Members | P\u00f4le europ\u00e9en de la c\u00e9ramique","isPartOf":{"@id":"https:\/\/www.cerameurop.com\/en\/#website"},"datePublished":"2025-12-22T14:23:23+00:00","dateModified":"2026-03-11T13:27:38+00:00","description":"Discover the 200 members of the European Ceramic Cluster on our interactive map: manufacturers, research laboratories, and training centers.","breadcrumb":{"@id":"https:\/\/www.cerameurop.com\/en\/members\/#breadcrumb"},"inLanguage":"en-US","potentialAction":[{"@type":"ReadAction","target":["https:\/\/www.cerameurop.com\/en\/members\/"]}]},{"@type":"BreadcrumbList","@id":"https:\/\/www.cerameurop.com\/en\/members\/#breadcrumb","itemListElement":[{"@type":"ListItem","position":1,"name":"Accueil","item":"https:\/\/www.cerameurop.com\/en\/"},{"@type":"ListItem","position":2,"name":"Members"}]},{"@type":"WebSite","@id":"https:\/\/www.cerameurop.com\/en\/#website","url":"https:\/\/www.cerameurop.com\/en\/","name":"P\u00f4le europ\u00e9en de la c\u00e9ramique","description":"","publisher":{"@id":"https:\/\/www.cerameurop.com\/en\/#organization"},"potentialAction":[{"@type":"SearchAction","target":{"@type":"EntryPoint","urlTemplate":"https:\/\/www.cerameurop.com\/en\/?s={search_term_string}"},"query-input":{"@type":"PropertyValueSpecification","valueRequired":true,"valueName":"search_term_string"}}],"inLanguage":"en-US"},{"@type":"Organization","@id":"https:\/\/www.cerameurop.com\/en\/#organization","name":"P\u00f4le europ\u00e9en de la c\u00e9ramique","url":"https:\/\/www.cerameurop.com\/en\/","logo":{"@type":"ImageObject","inLanguage":"en-US","@id":"https:\/\/www.cerameurop.com\/en\/#\/schema\/logo\/image\/","url":"https:\/\/www.cerameurop.com\/wp-content\/uploads\/2025\/12\/LOGO_POLE_EUROPEEN_DE_LA_CERAMIQUE-1024x450-1.webp","contentUrl":"https:\/\/www.cerameurop.com\/wp-content\/uploads\/2025\/12\/LOGO_POLE_EUROPEEN_DE_LA_CERAMIQUE-1024x450-1.webp","width":1024,"height":450,"caption":"P\u00f4le europ\u00e9en de la c\u00e9ramique"},"image":{"@id":"https:\/\/www.cerameurop.com\/en\/#\/schema\/logo\/image\/"},"sameAs":["https:\/\/www.facebook.com\/profile.php?id=100054339318607","https:\/\/www.linkedin.com\/company\/p\u00f4le-europ\u00e9en-de-la-c\u00e9ramique\/"]}]}},"_links":{"self":[{"href":"https:\/\/www.cerameurop.com\/en\/wp-json\/wp\/v2\/pages\/13692","targetHints":{"allow":["GET"]}}],"collection":[{"href":"https:\/\/www.cerameurop.com\/en\/wp-json\/wp\/v2\/pages"}],"about":[{"href":"https:\/\/www.cerameurop.com\/en\/wp-json\/wp\/v2\/types\/page"}],"author":[{"embeddable":true,"href":"https:\/\/www.cerameurop.com\/en\/wp-json\/wp\/v2\/users\/1"}],"replies":[{"embeddable":true,"href":"https:\/\/www.cerameurop.com\/en\/wp-json\/wp\/v2\/comments?post=13692"}],"version-history":[{"count":14,"href":"https:\/\/www.cerameurop.com\/en\/wp-json\/wp\/v2\/pages\/13692\/revisions"}],"predecessor-version":[{"id":16525,"href":"https:\/\/www.cerameurop.com\/en\/wp-json\/wp\/v2\/pages\/13692\/revisions\/16525"}],"wp:attachment":[{"href":"https:\/\/www.cerameurop.com\/en\/wp-json\/wp\/v2\/media?parent=13692"}],"curies":[{"name":"wp","href":"https:\/\/api.w.org\/{rel}","templated":true}]}}